{"id":56,"date":"2015-09-12T07:31:01","date_gmt":"2015-09-12T05:31:01","guid":{"rendered":"http:\/\/phaase.de\/?page_id=56"},"modified":"2017-06-03T07:17:34","modified_gmt":"2017-06-03T05:17:34","slug":"konstruierte-objekte-fuer-den-3d-druck","status":"publish","type":"page","link":"https:\/\/phaase.de\/?page_id=56","title":{"rendered":"Konstruierte Objekte f\u00fcr den 3D-Druck"},"content":{"rendered":"<p>Hier sind einige Objekte, die ich f\u00fcr den 3D-Druck konstruiert habe.<\/p>\n<p>Aktuell kommt ein 3D-Drucker von FelixPrinter zum Einsatz<\/p>\n<p>[canvasio3D width=&#8220;320&#8243; height=&#8220;320&#8243; border=&#8220;0&#8243; borderCol=&#8220;#F6F6F6&#8243; dropShadow=&#8220;0&#8243; backCol=&#8220;#FFFFFF&#8220; backImg=&#8220;&#8230;&#8220; mouse=&#8220;on&#8220; rollMode=&#8220;off&#8220; rollSpeedH=&#8220;0&#8243; rollSpeedV=&#8220;0&#8243; objPath=&#8220;<a href=\"http:\/\/phaase.de\/wp-content\/uploads\/2015\/09\/Gurtelschnalle-Bugel.obj\">Gurtelschnalle-Bugel<\/a>&#8220; objScale=&#8220;1.5&#8243; objColor=&#8220;#797979&#8243; lightSet=&#8220;7&#8243; reflection=&#8220;off&#8220; refVal=&#8220;5&#8243; objShadow=&#8220;off&#8220; floor=&#8220;off&#8220; floorHeight=&#8220;42&#8243; lightRotate=&#8220;off&#8220; Help=&#8220;off&#8220;] [\/canvasio3D]<\/p>\n<p>k\u00fcrzlich verabschiedete sich die G\u00fcrtelschnalle meines geliebten G\u00fcrtel den ich in meinen Arbeitshosen trage. Kurzentschlossen habe ich den defekten Teil neugedruckt.<\/p>\n<p>&nbsp;<\/p>\n<p>[canvasio3D width=&#8220;500&#8243; height=&#8220;500&#8243; border=&#8220;0&#8243; borderCol=&#8220;#F6F6F6&#8243; dropShadow=&#8220;0&#8243; backCol=&#8220;#FFFFFF&#8220; backImg=&#8220;&#8230;&#8220; mouse=&#8220;on&#8220; rollMode=&#8220;on&#8220; rollSpeedH=&#8220;10&#8243; rollSpeedV=&#8220;5&#8243; objPath=&#8220;http:\/\/phaase.de\/wp-content\/uploads\/2017\/06\/Regenrohr.obj&#8220; objScale=&#8220;0.8&#8243; objColor=&#8220;#797979&#8243; lightSet=&#8220;1&#8243; reflection=&#8220;off&#8220; refVal=&#8220;5&#8243; objShadow=&#8220;off&#8220; floor=&#8220;off&#8220; floorHeight=&#8220;42&#8243; lightRotate=&#8220;off&#8220; Help=&#8220;off&#8220;] [\/canvasio3D]<\/p>\n<p>Ein Freund bat mich einen Adapter zu konstruieren, welcher etwas Wasser aus dem Regenrohr auf seine Koniferen ableitet<\/p>\n","protected":false},"excerpt":{"rendered":"<p>Hier sind einige Objekte, die ich f\u00fcr den 3D-Druck konstruiert habe. Aktuell kommt ein 3D-Drucker von FelixPrinter zum Einsatz [canvasio3D width=&#8220;320&#8243; height=&#8220;320&#8243; border=&#8220;0&#8243; borderCol=&#8220;#F6F6F6&#8243; dropShadow=&#8220;0&#8243; backCol=&#8220;#FFFFFF&#8220; backImg=&#8220;&#8230;&#8220; mouse=&#8220;on&#8220; rollMode=&#8220;off&#8220; rollSpeedH=&#8220;0&#8243; rollSpeedV=&#8220;0&#8243; objPath=&#8220;Gurtelschnalle-Bugel&#8220; objScale=&#8220;1.5&#8243; objColor=&#8220;#797979&#8243; lightSet=&#8220;7&#8243; reflection=&#8220;off&#8220; refVal=&#8220;5&#8243; objShadow=&#8220;off&#8220; floor=&#8220;off&#8220; floorHeight=&#8220;42&#8243; lightRotate=&#8220;off&#8220; Help=&#8220;off&#8220;] [\/canvasio3D] k\u00fcrzlich verabschiedete sich die G\u00fcrtelschnalle meines geliebten G\u00fcrtel den ich in meinen &hellip; <a href=\"https:\/\/phaase.de\/?page_id=56\" class=\"more-link\"><span class=\"screen-reader-text\">Konstruierte Objekte f\u00fcr den 3D-Druck<\/span> weiterlesen <span class=\"meta-nav\">&rarr;<\/span><\/a><\/p>\n","protected":false},"author":1,"featured_media":0,"parent":0,"menu_order":0,"comment_status":"closed","ping_status":"closed","template":"","meta":{"footnotes":""},"class_list":["post-56","page","type-page","status-publish","hentry"],"_links":{"self":[{"href":"https:\/\/phaase.de\/index.php?rest_route=\/wp\/v2\/pages\/56","targetHints":{"allow":["GET"]}}],"collection":[{"href":"https:\/\/phaase.de\/index.php?rest_route=\/wp\/v2\/pages"}],"about":[{"href":"https:\/\/phaase.de\/index.php?rest_route=\/wp\/v2\/types\/page"}],"author":[{"embeddable":true,"href":"https:\/\/phaase.de\/index.php?rest_route=\/wp\/v2\/users\/1"}],"replies":[{"embeddable":true,"href":"https:\/\/phaase.de\/index.php?rest_route=%2Fwp%2Fv2%2Fcomments&post=56"}],"version-history":[{"count":28,"href":"https:\/\/phaase.de\/index.php?rest_route=\/wp\/v2\/pages\/56\/revisions"}],"predecessor-version":[{"id":162,"href":"https:\/\/phaase.de\/index.php?rest_route=\/wp\/v2\/pages\/56\/revisions\/162"}],"wp:attachment":[{"href":"https:\/\/phaase.de\/index.php?rest_route=%2Fwp%2Fv2%2Fmedia&parent=56"}],"curies":[{"name":"wp","href":"https:\/\/api.w.org\/{rel}","templated":true}]}}